{"id":15994,"date":"2023-10-20T09:29:40","date_gmt":"2023-10-20T09:29:40","guid":{"rendered":"https:\/\/library.usj.edu.mo\/?page_id=15994"},"modified":"2024-07-26T15:18:36","modified_gmt":"2024-07-26T07:18:36","slug":"saint-joseph-seminary-library-selected-collection","status":"publish","type":"page","link":"https:\/\/library.usj.edu.mo\/zh\/saint-joseph-seminary-library-selected-collection\/","title":{"rendered":"\u7279\u5225\u9928\u85cf"},"content":{"rendered":"<div class=\"wp-block-group alignfull has-background advgb-dyn-34c6e411\" style=\"background-color:#f2f0e9\"><div class=\"wp-block-group__inner-container is-layout-flow wp-block-group-is-layout-flow\">\n<div style=\"height:70px\" aria-hidden=\"true\" class=\"wp-block-spacer advgb-dyn-f7403d89\"><\/div>\n\n\n\n<div class=\"wp-block-columns alignwide is-layout-flex wp-container-core-columns-is-layout-9d6595d7 wp-block-columns-is-layout-flex\">\n<div class=\"wp-block-column is-layout-flow wp-block-column-is-layout-flow\" style=\"flex-basis:50%\">\n<h3 class=\"kt-adv-heading_c0b29c-85 wp-block-kadence-advancedheading\" data-kb-block=\"kb-adv-heading_c0b29c-85\">\u8056\u82e5\u745f\u4fee\u9662\u5716\u66f8\u9928\u7279\u9078\u9928\u85cf<\/h3>\n\n\n\n<h4 class=\"kt-adv-heading_59e6d9-f4 wp-block-kadence-advancedheading\" data-kb-block=\"kb-adv-heading_59e6d9-f4\"><strong>Saint Joseph Seminary Library Selected Collection<\/strong><\/h4>\n<\/div>\n\n\n\n<div class=\"wp-block-column is-vertically-aligned-bottom is-layout-flow wp-block-column-is-layout-flow\" style=\"flex-basis:50%\">\n<hr class=\"wp-block-separator has-text-color has-css-opacity has-background is-style-wide advgb-dyn-8ed887d7\" style=\"background-color:#000000;color:#000000\"\/>\n<\/div>\n<\/div>\n\n\n\n<div class=\"wp-block-columns alignwide is-layout-flex wp-container-core-columns-is-layout-9d6595d7 wp-block-columns-is-layout-flex\">\n<div class=\"wp-block-column is-layout-flow wp-block-column-is-layout-flow\"><\/div>\n\n\n\n<div class=\"wp-block-column is-layout-flow wp-block-column-is-layout-flow\">\n<div id=\"section-ga39b6a\" class=\"wp-block-gutentor-e1 section-ga39b6a gutentor-element gutentor-element-advanced-text text-align-justify-desktop\"><div class=\"gutentor-text-wrap\"><p class=\"gutentor-text\">\u6fb3\u9580\u8056\u82e5\u745f\u4fee\u9662\u898b\u8b49\u8457\u6fb3\u9580\u4e8c\u767e\u591a\u5e74\u7684\u6b77\u53f2\u66f4\u66ff\uff0c\u5728\u4e2d\u570b\u548c\u6fb3\u9580\u7684\u5b97\u6559\u53f2\u3001\u6559\u80b2\u53f2\u3001\u5370\u5237\u53f2\u53ca\u7ffb\u8b6f\u53f2\u4e0a\u6709\u8457\u91cd\u8981\u7684\u50f9\u503c\u548c\u8ca2\u737b\u3002\u96a8\u8457\u6fb3\u9580\u8056\u4fdd\u797f\u5b78\u9662\u7684\u95dc\u9589\u53ca\u711a\u6bc0\uff0c\u8056\u82e5\u745f\u4fee\u9662\u5716\u66f8\u9928\u4fbf\u6210\u70ba\u73fe\u5b58\u6fb3\u9580\u6b77\u53f2\u6700\u60a0\u4e45\u7684\u9ad8\u7b49\u5b78\u8853\u5716\u66f8\u9928\uff0c\u7576\u6642\u4e2d\u897f\u6587\u737b\u878d\u5408\u548c\u4ea4\u6d41\u7684\u6240\u5728\u5730\u3002<br><br>\u8a72\u5716\u66f8\u9928\u9928\u85cf\u96a8\u8457\u4fee\u9662\u7684\u767c\u5c55\u800c\u4e0d\u65b7\u64f4\u5c55\u3002\u5305\u62ec\u50b3\u6559\u58eb\u5728\u4fee\u9662\u4f7f\u7528\u7684\u6559\u79d1\u66f8\u3001\u5de5\u5177\u66f8\u3001\u8a9e\u8a00\u5b78\u7fd2\u7684\u6559\u6750\u3001\u8207\u897f\u65b9\u5929\u6587\u79d1\u5b78\u53ca\u4e2d\u83ef\u6587\u5316\u76f8\u95dc\u7684\u66f8\u7c4d\u3001\u501f\u66f8\u5361\u7b49\u6a94\u6848\uff0c\u4e0a\u8ff0\u7684\u6587\u737b\u5167\u5bb9\u5747\u64c1\u6709\u8457\u73cd\u8cb4\u7684\u6b77\u53f2\u610f\u7fa9\u3002\u800c\u7136\uff0c\u4fee\u9662\u57281968\u5e74\u95dc\u9589\u5f8c\uff0c\u5716\u66f8\u9928\u4ea6\u96a8\u4e4b\u9032\u5165\u4e86\u6c89\u7761\u3002<br><br>\u6839\u64da\u6797\u5bb6\u99ff\u4e3b\u6559\u65bc\u300a\u4e8c\u5341\u4e16\u7d00\u6fb3\u9580\u6559\u5340\u300b\u4e2d\u63d0\u53ca\uff0c<br>\u539f\u6587\uff1a<br><em>\u201cAo mesmo tempo, o reitor do Semin\u00e1rio, C\u00f3nego Lu\u00eds Lei Xavier, tamb\u00e9m trabalhou, com efic\u00eaincia, no restauro das Bibliotecas do Semin\u00e1rio de S. Jos\u00e9( Biblioteca Hist\u00f3rica e uma outra para alunos).\u201d<\/em><br><br>\u7ffb\u8b6f\uff1a<br><em>\u300c\u540c\u6642\uff0c\u4fee\u9662\u9662\u9577\u674e\u9806\u5b97\u795e\u7236\u4ea6\u5be6\u884c\u8056\u82e5\u745f\u4fee\u9662\u5716\u66f8\u9928\u7684\u7dad\u8b77\u5de5\u4f5c\uff08\u6b77\u53f2\u5716\u66f8\u9928)\u53ca\u53e6\u4e00\u500b\u4f9b\u5b78\u751f\u4f7f\u7528\u7684\u5716\u66f8\u9928)\u3002\u300d<\/em><\/p><\/div><\/div>\n\n\n\n<p><\/p>\n<\/div>\n\n\n\n<div class=\"wp-block-column is-layout-flow wp-block-column-is-layout-flow\">\n<div id=\"section-gb61043\" class=\"wp-block-gutentor-e1 section-gb61043 gutentor-element gutentor-element-advanced-text text-align-justify-desktop\"><div class=\"gutentor-text-wrap\"><p class=\"gutentor-text\">\u7531\u6b64\u53ef\u898b\uff0c\u8056\u82e5\u745f\u4fee\u9662\u5716\u66f8\u9928\u5206\u70ba\u5169\u90e8\u5206\uff1a\u6b77\u53f2\u5716\u66f8\u9928(Bibliot\u00e9ca Hist\u00f3rica)\u548c \u4e00\u500b\u5b78\u751f\u4f7f\u7528\u7684\u5716\u66f8\u9928\u3002\u9664\u6b64\u4ee5\u5916\uff0c\u4fee\u9662\u9084\u8a2d\u6709\u4e2d\u6587\u53e4\u7c4d\u5ba4\uff0c\u73fe\u4eca\u7531\u5929 \u4e3b\u6559\u6559\u5340\u6587\u7269\u53ca\u6a94\u6848\u8655\u7ba1\u7406\u3002<br><br>\u56e0\u61c9\u662f\u6b21\u300c\u53e4\u672c\u907a\u73cd\u300d\u2014\u9673\u5b50\u8912\u8207\u6fb3\u9580\u5e73\u6c11\u6559\u80b2\u5c08\u984c\u5c55\uff0c\u8056\u82e5\u745f\u5927\u5b78\u5716\u66f8\u9928\u7279\u5225\u6311\u9078\u4e865\u518a\u539f\u6536\u85cf\u65bc\u8056\u82e5\u745f\u4fee\u9662\u4f9b\u5b78\u751f\u4f7f\u7528\u7684\u5716\u66f8\u9928\u5167\uff0c20\u4e16\u7d0030\u5e74\u4ee3\u81f350\u5e74\u4ee3\u5728\u6fb3\u9580\u51fa\u7248\u7684\u66f8\u7c4d\u5c55\u51fa\u3002<\/p><\/div><\/div>\n\n\n\n<p class=\"has-text-color has-extra-small-font-size\" style=\"color:#000000\"><\/p>\n\n\n\n<p><\/p>\n<\/div>\n<\/div>\n\n\n\n<div style=\"height:40px\" aria-hidden=\"true\" class=\"wp-block-spacer advgb-dyn-db4b1242\"><\/div>\n\n\n\n<hr class=\"wp-block-separator has-text-color has-grey-color has-alpha-channel-opacity has-grey-background-color has-background is-style-dots\"\/>\n\n\n\n<div class=\"wp-block-columns is-layout-flex wp-container-core-columns-is-layout-9d6595d7 wp-block-columns-is-layout-flex\">\n<div class=\"wp-block-column is-layout-flow wp-block-column-is-layout-flow\">\n<figure class=\"wp-block-gallery has-nested-images columns-2 is-cropped wp-block-gallery-1 is-layout-flex wp-block-gallery-is-layout-flex\">\n<figure class=\"wp-block-image size-large\"><img loading=\"lazy\" decoding=\"async\" width=\"744\" height=\"1024\" data-id=\"16014\" src=\"https:\/\/library.usj.edu.mo\/wp-content\/uploads\/2023\/10\/my-dream-1_Page_001-744x1024.jpg\" alt=\"\" class=\"wp-image-16014\" srcset=\"https:\/\/library.usj.edu.mo\/wp-content\/uploads\/2023\/10\/my-dream-1_Page_001-744x1024.jpg 744w, https:\/\/library.usj.edu.mo\/wp-content\/uploads\/2023\/10\/my-dream-1_Page_001-218x300.jpg 218w, https:\/\/library.usj.edu.mo\/wp-content\/uploads\/2023\/10\/my-dream-1_Page_001-768x1057.jpg 768w, https:\/\/library.usj.edu.mo\/wp-content\/uploads\/2023\/10\/my-dream-1_Page_001.jpg 1020w\" sizes=\"auto, (max-width: 744px) 100vw, 744px\" \/><\/figure>\n\n\n\n<figure class=\"wp-block-image size-large\"><img loading=\"lazy\" decoding=\"async\" width=\"745\" height=\"1024\" data-id=\"16024\" src=\"https:\/\/library.usj.edu.mo\/wp-content\/uploads\/2023\/10\/saint-Joseph-Month_Page_01-745x1024.jpg\" alt=\"\" class=\"wp-image-16024\" srcset=\"https:\/\/library.usj.edu.mo\/wp-content\/uploads\/2023\/10\/saint-Joseph-Month_Page_01-745x1024.jpg 745w, https:\/\/library.usj.edu.mo\/wp-content\/uploads\/2023\/10\/saint-Joseph-Month_Page_01-218x300.jpg 218w, https:\/\/library.usj.edu.mo\/wp-content\/uploads\/2023\/10\/saint-Joseph-Month_Page_01-768x1056.jpg 768w, https:\/\/library.usj.edu.mo\/wp-content\/uploads\/2023\/10\/saint-Joseph-Month_Page_01.jpg 1021w\" sizes=\"auto, (max-width: 745px) 100vw, 745px\" \/><\/figure>\n<\/figure>\n<\/div>\n\n\n\n<div class=\"wp-block-column is-layout-flow wp-block-column-is-layout-flow\">\n<h1 class=\"kt-adv-heading_1d0f76-a6 wp-block-kadence-advancedheading\" data-kb-block=\"kb-adv-heading_1d0f76-a6\"><strong>1<\/strong><\/h1>\n\n\n\n<h3 class=\"kt-adv-heading_7216fb-6a wp-block-kadence-advancedheading\" data-kb-block=\"kb-adv-heading_7216fb-6a\">\u6211\u7684\u5fd7\u5411<\/h3>\n\n\n\n<div id=\"section-g5d5265\" class=\"wp-block-gutentor-e1 section-g5d5265 gutentor-element gutentor-element-advanced-text text-align-justify-desktop\"><div class=\"gutentor-text-wrap\"><p class=\"gutentor-text\">\u6b64\u66f8\u70ba\u7d00\u5ff5\u7f85\u82e5\u671b\u4e3b\u6559\u516d\u5341\u58fd\u8fb0\uff0c\u7531\u53f8\u99ac\u69ae\u795e\u7236\u7de8\u8457\uff0c\u767d\u5fb7\u7f8e\u7d00\u5ff5\u51fa\u7248\u793e\u65bc\u4e00\u4e5d\u4e94\u96f6\u5e74\u51fa\u7248\uff0c\u6fb3\u9580\u6148\u5e7c\u5370\u66f8\u9928\u5370\u5237\u3002\u662f\u516c\u6559\u5c0f\u8b80\u7269\u53e2\u520a\u4e4b\u7b2c\u56db\u5341\u4e5d\u518a\u3002<br><br><\/p><\/div><\/div>\n\n\n\n<h1 class=\"kt-adv-heading_8944e0-57 wp-block-kadence-advancedheading\" data-kb-block=\"kb-adv-heading_8944e0-57\"><strong>2<\/strong><\/h1>\n\n\n\n<h3 class=\"kt-adv-heading_6fdc55-b8 wp-block-kadence-advancedheading\" data-kb-block=\"kb-adv-heading_6fdc55-b8\">\u8056\u82e5\u745f\u6708<\/h3>\n\n\n\n<div id=\"section-g0c4c4f\" class=\"wp-block-gutentor-e1 section-g0c4c4f gutentor-element gutentor-element-advanced-text text-align-justify-desktop\"><div class=\"gutentor-text-wrap\"><p class=\"gutentor-text\">\u6b64\u66f8\u70ba\u7d00\u5ff5\u7f85\u82e5\u671b\u4e3b\u6559\u516d\u5341\u58fd\u8fb0\uff0c\u7531\u53f8\u99ac\u69ae\u795e\u7236\u7de8\u8457\uff0c\u767d\u5fb7\u7f8e\u7d00\u5ff5\u51fa\u7248\u793e\u65bc\u4e00\u4e5d\u56db\u4e03\u5e74\u51fa\u7248\uff0c\u6fb3\u9580\u6148\u5e7c\u5370\u66f8\u9928\u5370\u5237\u3002\u662f\u516c\u6559\u5c0f\u8b80\u7269\u53e2\u520a\u4e4b\u7b2c\u4e09\u518a\u3002<br><br><\/p><\/div><\/div>\n\n\n\n<h5 class=\"kt-adv-heading_523874-14 wp-block-kadence-advancedheading\" data-kb-block=\"kb-adv-heading_523874-14\">\u6148\u5e7c\u5370\u66f8\u9928\u51fa\u7248\u7269<\/h5>\n\n\n\n<h6 class=\"kt-adv-heading_08e459-f9 wp-block-kadence-advancedheading\" data-kb-block=\"kb-adv-heading_08e459-f9\">Publications of Tipografia Salesiana<\/h6>\n\n\n\n<div id=\"section-g8dd202\" class=\"wp-block-gutentor-e1 section-g8dd202 gutentor-element gutentor-element-advanced-text text-align-justify-desktop\"><div class=\"gutentor-text-wrap\"><p class=\"gutentor-text\">\u6fb3\u9580\u6148\u5e7c\u6703\u5728\u610f\u5927\u5229\u85c9\u96f7\u55da\u9053\u795e\u7236\u7684\u5e36\u9818\u4e0b\uff0c\u56e0\u61c9\u7576\u6642\u793e\u6703\u9700\u6c42\uff0c\u958b\u5275\u4e86\u300c\u6fb3\u9580\u6148\u5e7c\u6703\u5b6b\u5152\u9662\u5370\u5237\u6240\u300d(Imprimerie del\u2019Orphelinat Salesien)\uff0c\u5176\u5f8c\u767c\u5c55\u70ba\u6148\u5e7c\u5370\u66f8\u9928(Tipografia Salesiana)\uff0c\u6148\u5e7c\u5370\u66f8\u9928\u65bc\u6297\u6230\u6642\u671f\u5728\u6fb3\u9580\u51fa\u7248\u7684\u5927\u91cf\u520a\u7269\uff0c\u5982\u5b97\u6559\u66f8\u7c4d\u53ca\u6559\u80b2\u7528\u66f8\u7b49\u3002\u9928\u85cf\u5b58\u6709\u591a\u518a\u7531\u8607\u51a0\u660e\u795e\u7236\u7b56\u5283\u7684\u300c\u65b0\u9752\u5e74\u5c0f\u8aaa\u53e2\u66f8\u300d\uff0c\u4ee5\u53ca\u56e0\u5b97\u6559\u6559\u5b78\u6240\u9700\u800c\u7b56\u5283\u7684\u300c\u516c\u6559\u5c0f\u8b80\u7269\u53e2\u520a\u300d\u51fa\u7248\u7269 \u3002<\/p><\/div><\/div>\n<\/div>\n<\/div>\n<\/div><\/div>\n<style class=\"advgb-styles-renderer\">.wp-block-kadence-advancedheading.kt-adv-heading_c0b29c-85, .wp-block-kadence-advancedheading.kt-adv-heading_c0b29c-85[data-kb-block=\"kb-adv-heading_c0b29c-85\"]{font-weight:700;font-style:normal;font-family:'Noto Serif TC';}.wp-block-kadence-advancedheading.kt-adv-heading_c0b29c-85 mark.kt-highlight, .wp-block-kadence-advancedheading.kt-adv-heading_c0b29c-85[data-kb-block=\"kb-adv-heading_c0b29c-85\"] mark.kt-highlight{font-style:normal;color:#f76a0c;-webkit-box-decoration-break:clone;box-decoration-break:clone;padding-top:0px;padding-right:0px;padding-bottom:0px;padding-left:0px;}.wp-block-kadence-advancedheading.kt-adv-heading_59e6d9-f4, .wp-block-kadence-advancedheading.kt-adv-heading_59e6d9-f4[data-kb-block=\"kb-adv-heading_59e6d9-f4\"]{font-weight:700;font-style:normal;font-family:'Noto Serif TC';}.wp-block-kadence-advancedheading.kt-adv-heading_59e6d9-f4 mark.kt-highlight, .wp-block-kadence-advancedheading.kt-adv-heading_59e6d9-f4[data-kb-block=\"kb-adv-heading_59e6d9-f4\"] mark.kt-highlight{font-style:normal;color:#f76a0c;-webkit-box-decoration-break:clone;box-decoration-break:clone;padding-top:0px;padding-right:0px;padding-bottom:0px;padding-left:0px;}.wp-block-kadence-advancedheading.kt-adv-heading_1d0f76-a6, .wp-block-kadence-advancedheading.kt-adv-heading_1d0f76-a6[data-kb-block=\"kb-adv-heading_1d0f76-a6\"]{text-align:left;font-weight:700;font-style:normal;font-family:'Libre Baskerville';}.wp-block-kadence-advancedheading.kt-adv-heading_1d0f76-a6 mark.kt-highlight, .wp-block-kadence-advancedheading.kt-adv-heading_1d0f76-a6[data-kb-block=\"kb-adv-heading_1d0f76-a6\"] mark.kt-highlight{font-style:normal;color:#f76a0c;-webkit-box-decoration-break:clone;box-decoration-break:clone;padding-top:0px;padding-right:0px;padding-bottom:0px;padding-left:0px;}.wp-block-kadence-advancedheading.kt-adv-heading_7216fb-6a, .wp-block-kadence-advancedheading.kt-adv-heading_7216fb-6a[data-kb-block=\"kb-adv-heading_7216fb-6a\"]{font-weight:700;font-style:normal;font-family:'Noto Serif TC';}.wp-block-kadence-advancedheading.kt-adv-heading_7216fb-6a mark.kt-highlight, .wp-block-kadence-advancedheading.kt-adv-heading_7216fb-6a[data-kb-block=\"kb-adv-heading_7216fb-6a\"] mark.kt-highlight{font-style:normal;color:#f76a0c;-webkit-box-decoration-break:clone;box-decoration-break:clone;padding-top:0px;padding-right:0px;padding-bottom:0px;padding-left:0px;}.wp-block-kadence-advancedheading.kt-adv-heading_8944e0-57, .wp-block-kadence-advancedheading.kt-adv-heading_8944e0-57[data-kb-block=\"kb-adv-heading_8944e0-57\"]{text-align:left;font-weight:700;font-style:normal;font-family:'Libre Baskerville';}.wp-block-kadence-advancedheading.kt-adv-heading_8944e0-57 mark.kt-highlight, .wp-block-kadence-advancedheading.kt-adv-heading_8944e0-57[data-kb-block=\"kb-adv-heading_8944e0-57\"] mark.kt-highlight{font-style:normal;color:#f76a0c;-webkit-box-decoration-break:clone;box-decoration-break:clone;padding-top:0px;padding-right:0px;padding-bottom:0px;padding-left:0px;}.wp-block-kadence-advancedheading.kt-adv-heading_6fdc55-b8, .wp-block-kadence-advancedheading.kt-adv-heading_6fdc55-b8[data-kb-block=\"kb-adv-heading_6fdc55-b8\"]{font-weight:700;font-style:normal;font-family:'Noto Serif TC';}.wp-block-kadence-advancedheading.kt-adv-heading_6fdc55-b8 mark.kt-highlight, .wp-block-kadence-advancedheading.kt-adv-heading_6fdc55-b8[data-kb-block=\"kb-adv-heading_6fdc55-b8\"] mark.kt-highlight{font-style:normal;color:#f76a0c;-webkit-box-decoration-break:clone;box-decoration-break:clone;padding-top:0px;padding-right:0px;padding-bottom:0px;padding-left:0px;}.wp-block-kadence-advancedheading.kt-adv-heading_523874-14, .wp-block-kadence-advancedheading.kt-adv-heading_523874-14[data-kb-block=\"kb-adv-heading_523874-14\"]{font-weight:700;font-style:normal;font-family:'Noto Serif TC';}.wp-block-kadence-advancedheading.kt-adv-heading_523874-14 mark.kt-highlight, .wp-block-kadence-advancedheading.kt-adv-heading_523874-14[data-kb-block=\"kb-adv-heading_523874-14\"] mark.kt-highlight{font-style:normal;color:#f76a0c;-webkit-box-decoration-break:clone;box-decoration-break:clone;padding-top:0px;padding-right:0px;padding-bottom:0px;padding-left:0px;}.wp-block-kadence-advancedheading.kt-adv-heading_08e459-f9, .wp-block-kadence-advancedheading.kt-adv-heading_08e459-f9[data-kb-block=\"kb-adv-heading_08e459-f9\"]{font-weight:700;font-style:normal;font-family:'Noto Serif TC';}.wp-block-kadence-advancedheading.kt-adv-heading_08e459-f9 mark.kt-highlight, .wp-block-kadence-advancedheading.kt-adv-heading_08e459-f9[data-kb-block=\"kb-adv-heading_08e459-f9\"] mark.kt-highlight{font-style:normal;color:#f76a0c;-webkit-box-decoration-break:clone;box-decoration-break:clone;padding-top:0px;padding-right:0px;padding-bottom:0px;padding-left:0px;}<\/style>","protected":false},"excerpt":{"rendered":"<p>\u8056\u82e5\u745f\u4fee\u9662\u5716\u66f8\u9928\u7279\u9078\u9928\u85cf Saint Joseph Seminary Library Selected Collection 1 \u6211\u7684\u5fd7\u5411 2 [&hellip;]<\/p>","protected":false},"author":4,"featured_media":0,"parent":0,"menu_order":0,"comment_status":"closed","ping_status":"closed","template":"page-none_sidebar_page.php","meta":{"advgb_blocks_editor_width":"","advgb_blocks_columns_visual_guide":"","_kad_blocks_custom_css":"","_kad_blocks_head_custom_js":"","_kad_blocks_body_custom_js":"","_kad_blocks_footer_custom_js":"","_kadence_starter_templates_imported_post":false,"footnotes":""},"class_list":["post-15994","page","type-page","status-publish","hentry"],"taxonomy_info":[],"featured_image_src_large":false,"author_info":{"display_name":"Catarina Lei","author_link":"https:\/\/library.usj.edu.mo\/zh\/author\/catarina\/"},"comment_info":0,"coauthors":[],"author_meta":{"author_link":"https:\/\/library.usj.edu.mo\/zh\/author\/catarina\/","display_name":"Catarina Lei"},"relative_dates":{"created":"Posted 3 \u5e74 ago","modified":"Updated 2 \u5e74 ago"},"absolute_dates":{"created":"Posted on 20 10 \u6708, 2023","modified":"Updated on 26 7 \u6708, 2024"},"absolute_dates_time":{"created":"Posted on 20 10 \u6708, 2023 9:29 \u4e0a\u5348","modified":"Updated on 26 7 \u6708, 2024 3:18 \u4e0b\u5348"},"featured_img_caption":"","featured_img":false,"series_order":"","_links":{"self":[{"href":"https:\/\/library.usj.edu.mo\/zh\/wp-json\/wp\/v2\/pages\/15994","targetHints":{"allow":["GET"]}}],"collection":[{"href":"https:\/\/library.usj.edu.mo\/zh\/wp-json\/wp\/v2\/pages"}],"about":[{"href":"https:\/\/library.usj.edu.mo\/zh\/wp-json\/wp\/v2\/types\/page"}],"author":[{"embeddable":true,"href":"https:\/\/library.usj.edu.mo\/zh\/wp-json\/wp\/v2\/users\/4"}],"replies":[{"embeddable":true,"href":"https:\/\/library.usj.edu.mo\/zh\/wp-json\/wp\/v2\/comments?post=15994"}],"version-history":[{"count":100,"href":"https:\/\/library.usj.edu.mo\/zh\/wp-json\/wp\/v2\/pages\/15994\/revisions"}],"predecessor-version":[{"id":17689,"href":"https:\/\/library.usj.edu.mo\/zh\/wp-json\/wp\/v2\/pages\/15994\/revisions\/17689"}],"wp:attachment":[{"href":"https:\/\/library.usj.edu.mo\/zh\/wp-json\/wp\/v2\/media?parent=15994"}],"curies":[{"name":"wp","href":"https:\/\/api.w.org\/{rel}","templated":true}]}}